{"id":2951,"date":"2014-10-29T11:00:52","date_gmt":"2014-10-29T11:00:52","guid":{"rendered":"https:\/\/ntllogistics.com.vn\/gioi-thieu\/"},"modified":"2024-07-11T03:44:33","modified_gmt":"2024-07-11T03:44:33","slug":"about","status":"publish","type":"page","link":"https:\/\/ntllogistics.com.vn\/en\/about\/","title":{"rendered":"About"},"content":{"rendered":"<div class=\"wpb-content-wrapper\"><p>[vc_row row_fullwidth=&#8221;1&#8243; row_fullheight=&#8221;1&#8243; bg_parallax=&#8221;off&#8221; bg_scroll=&#8221;h,-1&#8243; font_color=&#8221;#ffffff&#8221; css=&#8221;.vc_custom_1716868279783{margin-top: 0px !important;margin-bottom: 0px !important;padding-top: 100px !important;padding-bottom: 100px !important;background-image: url(https:\/\/ntllogistics.com.vn\/wp-content\/uploads\/2014\/10\/corporat_collage.jpg?id=1967) !important;}&#8221;][vc_column][vc_column_text el_class=&#8221;custom-text-bn-ab&#8221;]<\/p>\n<h2 style=\"text-align: center;\">We bring the most optimal logistics solutions to customers and accompany partners towards success<\/h2>\n<h2 style=\"text-align: center;\"><span style=\"color: rgba(255,0,0,1);\">Customer satisfaction is our success<\/span><\/h2>\n<p>[\/vc_column_text][vc_row_inner disable_element=&#8221;yes&#8221; el_class=&#8221;hidden&#8221;][vc_column_inner width=&#8221;1\/3&#8243;]<span id=\"ozy_icon_3046\" class=\"ozy-icon  wpb_content_element align-center xxlarge clean icon oic-flaticon4-world92 \" style=\";color:#34ccff\" ><\/span><div class=\"ozy-counter wpb_content_element \" style=\"color:#ffffff\"><div class=\"timer\" data-sign=\"\" data-signpos=\"right\" data-from=\"0\" data-to=\"50\">0<\/div><div class=\"hr\" style=\"background-color:#ffffff\"><\/div><span>OFFICES WORLD WIDE<\/span><\/div>[\/vc_column_inner][vc_column_inner width=&#8221;1\/3&#8243;]<span id=\"ozy_icon_4004\" class=\"ozy-icon  wpb_content_element align-center xxlarge clean icon oic-flaticon4-delivery42 \" style=\";color:#34ccff\" ><\/span><div class=\"ozy-counter wpb_content_element \" style=\"color:#ffffff\"><div class=\"timer\" data-sign=\"\" data-signpos=\"right\" data-from=\"0\" data-to=\"24300\">0<\/div><div class=\"hr\" style=\"background-color:#ffffff\"><\/div><span>EMPLOYEES<\/span><\/div>[\/vc_column_inner][vc_column_inner width=&#8221;1\/3&#8243;]<span id=\"ozy_icon_721\" class=\"ozy-icon  wpb_content_element align-center xxlarge clean icon oic-flaticon4-earth198 \" style=\";color:#34ccff\" ><\/span><div class=\"ozy-counter wpb_content_element \" style=\"color:#ffffff\"><div class=\"timer\" data-sign=\"\" data-signpos=\"right\" data-from=\"0\" data-to=\"250000\">0<\/div><div class=\"hr\" style=\"background-color:#ffffff\"><\/div><span>TONS OF AIR FREIGHT EVERY YEAR<\/span><\/div>[\/vc_column_inner][\/vc_row_inner][\/vc_column][\/vc_row][vc_row bg_parallax=&#8221;off&#8221; css=&#8221;.vc_custom_1414616349744{margin-top: 0px !important;margin-bottom: 0px !important;padding-top: 60px !important;padding-bottom: 0px !important;}&#8221;][vc_column width=&#8221;1\/2&#8243;][vc_single_image image=&#8221;2753&#8243; img_size=&#8221;full&#8221; alignment=&#8221;center&#8221; css=&#8221;.vc_custom_1716795809418{margin-bottom: 0px !important;padding-bottom: 0px !important;}&#8221;][\/vc_column][vc_column width=&#8221;1\/2&#8243;][vc_column_text css=&#8221;.vc_custom_1720668833206{margin-bottom: 0px !important;padding-bottom: 0px !important;}&#8221;]<\/p>\n<h3><span style=\"color: #ff0000;\">NTL LOGISTICS JOINT STOCK COMPANY<\/span><\/h3>\n<p>[\/vc_column_text][vc_separator][vc_column_text]<\/p>\n<h5>NTL Logistics is a provider of international freight forwarding and integrated logistics services, established in Vietnam by a founding team of experienced, professional and dynamic individuals since 2015. As a A 100% independent Vietnamese-owned forwarding company, we quickly affirmed our position as one of the innovative companies in the logistics industry, developing and providing comprehensive logistics solutions worldwide<\/h5>\n<div id=\"eJOY__extension_root\" class=\"eJOY__extension_root_class\" style=\"all: unset;\"><\/div>\n<p>[\/vc_column_text][\/vc_column][\/vc_row][vc_row bg_parallax=&#8221;off&#8221; css=&#8221;.vc_custom_1461015519702{margin-top: 0px !important;margin-bottom: 0px !important;padding-top: 60px !important;padding-bottom: 20px !important;background-color: #edf4f6 !important;}&#8221;][vc_column]<h3 class=\"ozy-divider-cap-left wpb_content_element\">VALUE BROUGHT<\/h3><div class=\"ozy-content-divider \" style=\"border-top-style:solid;border-top-width:2px;border-top-color:#ff0000;width:40px;max-width:40px;float:left;\"><\/div>[vc_column_text css=&#8221;.vc_custom_1720669074073{padding-top: 20px !important;}&#8221;]We specialize in all transport and logistics operations, moving goods between more than 220 countries and throughout Asia, Europe, the Americas and the Middle East by road, sea, air and freight. multimodal.<br \/>\nNTL Logistics staff are highly trained, experienced and dedicated to be able to provide a full range of logistics services worldwide at any time of the day 24\/7 with quick response capabilities. quickly and immediately to accommodate any shipping\/logistics issues that may arise. arising due to time zone differences in a timely manner. We always strive to work quickly and efficiently to bring convenience to our valuable customers. We perform our services professionally and carefully with all customers.<br \/>\nWe have very good relationships with most major shipping companies, not only shipping lines but also airlines. During peak season, we can ensure adequate load supply at freight rates. compete.<br \/>\nWe also handle customs brokerage services by collecting all the necessary documents for customs operations, keeping up to date with Customs rules and regulations, both for import and export activities.<br \/>\nNTL Logistics has a global network located in major cities in Vietnam and around the world to manage your international and domestic goods from and to all of Vietnam to and from where they need to go in a timely manner. safe and on schedule. We are able to provide the best logistics services available and enable us to secure your supply chain as a competitive advantage for your business as our commitment is to support your company&#8217;s growth.<br \/>\nWe are confident to become a reliable global Logistics partner.[\/vc_column_text][vc_row_inner][vc_column_inner width=&#8221;1\/2&#8243;]<h3 class=\"ozy-divider-cap-left wpb_content_element\">Customer Service<\/h3><div class=\"ozy-content-divider \" style=\"border-top-style:solid;border-top-width:2px;border-top-color:#ff0000;width:40px;max-width:40px;float:left;\"><\/div><div style=\"height:30px\" class=\"ozy-spacer\"><\/div>[vc_column_text]We provide customers with the most optimal services, always understanding that customers expect us to provide safe, punctual and reliable services. Exceeding customer expectations brings success to our customers. we. All of our actions and plans come from customer needs. We always keep our commitment and reputation.[\/vc_column_text]<h3 class=\"ozy-divider-cap-left wpb_content_element\">Human Resources Team<\/h3><div class=\"ozy-content-divider \" style=\"border-top-style:solid;border-top-width:2px;border-top-color:#ff0000;width:40px;max-width:40px;float:left;\"><\/div><div style=\"height:30px\" class=\"ozy-spacer\"><\/div>[vc_column_text]We create a friendly, disciplined but creative working environment, focusing on improving skills and appreciating employees&#8217; contributions to the company&#8217;s success. Our staff gives customers a sense of service, professionalism, and satisfaction of customers&#8217; needs.[\/vc_column_text][\/vc_column_inner][vc_column_inner width=&#8221;1\/2&#8243;]<h3 class=\"ozy-divider-cap-left wpb_content_element\">Integrity<\/h3><div class=\"ozy-content-divider \" style=\"border-top-style:solid;border-top-width:2px;border-top-color:#ff0000;width:40px;max-width:40px;float:left;\"><\/div><div style=\"height:30px\" class=\"ozy-spacer\"><\/div>[vc_column_text]We do business based on integrity, ethics, passion and responsibility.[\/vc_column_text]<h3 class=\"ozy-divider-cap-left wpb_content_element\">Technology<\/h3><div class=\"ozy-content-divider \" style=\"border-top-style:solid;border-top-width:2px;border-top-color:#ff0000;width:40px;max-width:40px;float:left;\"><\/div><div style=\"height:30px\" class=\"ozy-spacer\"><\/div>[vc_column_text]Always proactively apply new technology to improve efficiency and convenience for customers.[\/vc_column_text][\/vc_column_inner][\/vc_row_inner][\/vc_column][\/vc_row][vc_row disable_element=&#8221;yes&#8221; bg_parallax=&#8221;off&#8221; css=&#8221;.vc_custom_1715222286013{margin-top: 0px !important;margin-bottom: 0px !important;padding-top: 60px !important;}&#8221;][vc_column width=&#8221;2\/3&#8243;]<h3 class=\"ozy-divider-cap-left wpb_content_element\">GI\u00c1 TR\u1eca C\u1ed0T L\u00d5I<\/h3><div class=\"ozy-content-divider \" style=\"border-top-style:solid;border-top-width:2px;border-top-color:#ff0000;width:40px;max-width:40px;float:left;\"><\/div><div style=\"height:30px\" class=\"ozy-spacer\"><\/div>[vc_tabs interval=&#8221;3&#8243;][vc_tab title=&#8221;Safety&#8221; tab_id=&#8221;1414616520-1-10&#8243;][vc_column_text]Mixtape taxidermy plaid crucifix, Cosby sweater occupy cold-pressed Portland pop-up lo-fi PBR&amp;B kale chips readymade. Flexitarian bitters Shoreditch literally paleo. Vice letterpress Bushwick direct trade fingerstache tattooed. Stumptown flannel mlkshk wayfarers forage, plaid VHS drinking vinegar quinoa YOLO.[\/vc_column_text][\/vc_tab][vc_tab title=&#8221;Trust&#8221; tab_id=&#8221;1414616651223-2-1&#8243;][vc_column_text]Mixtape taxidermy plaid crucifix, Cosby sweater occupy cold-pressed Portland pop-up lo-fi PBR&amp;B kale chips readymade. Flexitarian bitters Shoreditch literally paleo. Vice letterpress Bushwick direct trade fingerstache tattooed. Stumptown flannel mlkshk wayfarers forage, plaid VHS drinking vinegar quinoa YOLO.[\/vc_column_text][\/vc_tab][vc_tab title=&#8221;Leading&#8221; tab_id=&#8221;1414616654214-3-6&#8243;][vc_column_text]Mixtape taxidermy plaid crucifix, Cosby sweater occupy cold-pressed Portland pop-up lo-fi PBR&amp;B kale chips readymade. Flexitarian bitters Shoreditch literally paleo. Vice letterpress Bushwick direct trade fingerstache tattooed. Stumptown flannel mlkshk wayfarers forage, plaid VHS drinking vinegar quinoa YOLO.[\/vc_column_text][\/vc_tab][vc_tab title=&#8221;Award Winner&#8221; tab_id=&#8221;1414616655438-4-5&#8243;][vc_column_text]Mixtape taxidermy plaid crucifix, Cosby sweater occupy cold-pressed Portland pop-up lo-fi PBR&amp;B kale chips readymade. Flexitarian bitters Shoreditch literally paleo. Vice letterpress Bushwick direct trade fingerstache tattooed. Stumptown flannel mlkshk wayfarers forage, plaid VHS drinking vinegar quinoa YOLO.[\/vc_column_text][\/vc_tab][\/vc_tabs][\/vc_column][vc_column width=&#8221;1\/3&#8243;]<div class=\"ozy-owlcarousel ozy-testimonials wpb_content_element\" data-autoplay=\"true\" data-items=\"1\" data-singleitem=\"true\" data-slidespeed=\"400\" data-paginationSpeed=\"800\" data-autoheight=\"false\">\n<div style=\"\"><div class=\"testimonial\">Marfa Tumblr locavore, cray meh salvia Portland Carles chillwave fashion axe PBR. Squid farm-to-table McSweeney's mixtape try-hard, heirloom photo booth. Ethical four loko forage, messenger bag yr cold-pressed Bushwick.<\/div><div class=\"info\"><div class=\"thumb\"><span><img decoding=\"async\" src=\"https:\/\/ntllogistics.com.vn\/wp-content\/uploads\/2014\/10\/testimonials1.jpg\" alt=\"Jane Doe\"\/><\/span><\/div><div class=\"itext\"><strong>Jane Doe<\/strong><br\/><small>DNS \/ Logistic Department<\/small><\/div><\/div><\/div><div style=\"\"><div class=\"testimonial\">Marfa Tumblr locavore, cray meh salvia Portland Carles chillwave fashion axe PBR. Squid farm-to-table McSweeney's mixtape try-hard, heirloom photo booth. Ethical four loko forage, messenger bag yr cold-pressed Bushwick.<\/div><div class=\"info\"><div class=\"thumb\"><span><img decoding=\"async\" src=\"https:\/\/ntllogistics.com.vn\/wp-content\/uploads\/2014\/10\/testimonials2.jpg\" alt=\"Josh Devon\"\/><\/span><\/div><div class=\"itext\"><strong>Josh Devon<\/strong><br\/><small>Virgin Cadburry \/ CTO<\/small><\/div><\/div><\/div><div style=\"\"><div class=\"testimonial\">Marfa Tumblr locavore, cray meh salvia Portland Carles chillwave fashion axe PBR. Squid farm-to-table McSweeney's mixtape try-hard, heirloom photo booth. Ethical four loko forage, messenger bag yr cold-pressed Bushwick.<\/div><div class=\"info\"><div class=\"thumb\"><span><img decoding=\"async\" src=\"https:\/\/ntllogistics.com.vn\/wp-content\/uploads\/2014\/10\/testimonials3.jpg\" alt=\"Valeria Kindergarden\"\/><\/span><\/div><div class=\"itext\"><strong>Valeria Kindergarden<\/strong><br\/><small>Goldie \/ Logistic Department<\/small><\/div><\/div><\/div>\n<\/div>[\/vc_column][\/vc_row][vc_row bg_parallax=&#8221;on&#8221; css=&#8221;.vc_custom_1715075228775{margin-top: 0px !important;margin-bottom: 0px !important;padding-top: 100px !important;padding-bottom: 80px !important;background-image: url(https:\/\/ntllogistics.com.vn\/wp-content\/uploads\/2014\/11\/footer_bg.png?id=2066) !important;}&#8221; font_color=&#8221;#ffffff&#8221;][vc_column width=&#8221;1\/2&#8243;]<h3 class=\"ozy-divider-cap-left wpb_content_element\">Vision<\/h3><div class=\"ozy-content-divider \" style=\"border-top-style:solid;border-top-width:2px;border-top-color:#ff0000;width:40px;max-width:40px;float:left;\"><\/div><div style=\"height:30px\" class=\"ozy-spacer\"><\/div>[vc_column_text]NTL Logistics always strives to become a leading forwarding company loved by customers, bringing Vietnamese pride to the world with classy services, professional and dedicated personnel, creating added value. increase and contribute positively to community development.[\/vc_column_text][\/vc_column][vc_column width=&#8221;1\/2&#8243;]<h3 class=\"ozy-divider-cap-left wpb_content_element\">Mission<\/h3><div class=\"ozy-content-divider \" style=\"border-top-style:solid;border-top-width:2px;border-top-color:#ff0000;width:40px;max-width:40px;float:left;\"><\/div><div style=\"height:30px\" class=\"ozy-spacer\"><\/div>[vc_column_text]Our company always strives to be a professional, dynamic, reliable and customer-friendly business.<br \/>\nTo us, each customer is a special subject that needs to be served and meet different requirements, regardless of discrimination.<br \/>\nOur experienced staff is trained to help customers overcome barriers effectively, ensuring quick delivery of goods and timely service.[\/vc_column_text][\/vc_column][\/vc_row][vc_row bg_parallax=&#8221;off&#8221; css=&#8221;.vc_custom_1715222232385{margin-top: 0px !important;margin-bottom: 0px !important;padding-top: 60px !important;padding-bottom: 60px !important;}&#8221;][vc_column]<h3 class=\"ozy-divider-cap-left wpb_content_element\">Contact Info<\/h3><div class=\"ozy-content-divider \" style=\"border-top-style:solid;border-top-width:2px;border-top-color:#ff0000;width:40px;max-width:40px;float:left;\"><\/div><div style=\"height:30px\" class=\"ozy-spacer\"><\/div>[vc_tour][vc_tab title=&#8221;Th\u00e1i Ho\u00e0ng Nam Kh\u00e1nh (Mr. Kai)&#8221; tab_id=&#8221;1414619330-1-86&#8243;][vc_column_text]<strong>NTL LOGISTICS JOINT STOCK COMPANY<\/strong><br \/>\nAdd: No. 5\/2 Doan Xa Str., Dong Hai 1 Ward Hai An Dist, Hai Phong City, Viet Nam<\/p>\n<div class=\"profile-ct\">\n<div class=\"content-profile\"><strong>Th\u00e1i Ho\u00e0ng Nam Kh\u00e1nh (Mr.Kai)<br \/>\n<\/strong>Deputy Manager<br \/>\nMob: 0966.166.596<br \/>\n(Zalo\/Skype\/WhatsApp)<br \/>\nTel: 02253.668.338<br \/>\nEmail: sales.manager@ntllogistics.com.vn<\/div>\n<\/div>\n<p>[\/vc_column_text][\/vc_tab][\/vc_tour][\/vc_column][\/vc_row][vc_row disable_element=&#8221;yes&#8221; bg_parallax=&#8221;on&#8221; font_color=&#8221;#ffffff&#8221; css=&#8221;.vc_custom_1716372865864{margin-top: 0px !important;margin-bottom: 0px !important;padding-top: 100px !important;padding-bottom: 100px !important;background-image: url(https:\/\/ntllogistics.com.vn\/wp-content\/uploads\/2014\/10\/54352453453-9.jpg?id=150) !important;}&#8221;][vc_column][vc_column_text css=&#8221;.vc_custom_1715104806547{padding-right: 15% !important;padding-left: 15% !important;}&#8221;]<\/p>\n<h3 style=\"text-align: center;\">C\u00d4NG TY LOGISTIC L\u1edaN NH\u1ea4T<\/h3>\n<h4 style=\"text-align: center;\"><span style=\"color: #34ccff;\">With head offices in Europe, we employ a far-reaching global network that stretches across five continents, and includes the largest distribution network and hub operations in London and the European region.<\/span><\/h4>\n<p>[\/vc_column_text][vc_row_inner][vc_column_inner el_class=&#8221;textaligncenter&#8221; width=&#8221;1\/2&#8243;]<div id=\"tile-with-icon_icon4899\" class=\"title-with-icon-wrapper circle large \" data-color=\"\"><div class=\"wpb_content_element title-with-icon clearfix margin-bottom-0 top-style\"><span  style=\"border-color:#34ccff;color:#34ccff !important;background-color:transparent !important;\" class=\"oic-flaticon1-logistics3 circle large \" ><\/span><h4 style=\"color:#ffffff\">Ship Global, Ship Fast<\/h4><\/div><div class=\"wpb_content_element top-cs title-with-icon-content large clearfix\" style=\"color:#ffffff\">Apparel swag Cosby sweater lo-fi mumblecore actually fashion axe.<\/div><\/div>[vc_button2 title=&#8221;XEM TH\u00caM&#8221; style=&#8221;round&#8221; size=&#8221;sm&#8221; link=&#8221;url:%23||&#8221; el_class=&#8221;custom-btn-gt&#8221;][\/vc_column_inner][vc_column_inner el_class=&#8221;textaligncenter custom-box-right-gt&#8221; width=&#8221;1\/2&#8243;]<div id=\"tile-with-icon_icon6858\" class=\"title-with-icon-wrapper circle large \" data-color=\"\"><div class=\"wpb_content_element title-with-icon clearfix margin-bottom-0 top-style\"><span  style=\"border-color:#34ccff;color:#34ccff !important;background-color:transparent !important;\" class=\"oic-lock-locker-streamline circle large \" ><\/span><h4 style=\"color:#ffffff\">Confidentiality<\/h4><\/div><div class=\"wpb_content_element top-cs title-with-icon-content large clearfix\" style=\"color:#ffffff\">Apparel swag Cosby sweater lo-fi mumblecore actually fashion axe.<\/div><\/div>[vc_button2 title=&#8221;XEM TH\u00caM&#8221; style=&#8221;round&#8221; size=&#8221;sm&#8221; link=&#8221;url:%23||&#8221; el_class=&#8221;custom-btn-gt&#8221;][\/vc_column_inner][\/vc_row_inner][\/vc_column][\/vc_row]<\/p>\n<\/div>","protected":false},"excerpt":{"rendered":"<p>[vc_row row_fullwidth=&#8221;1&#8243; row_fullheight=&#8221;1&#8243; bg_parallax=&#8221;off&#8221; bg_scroll=&#8221;h,-1&#8243; font_color=&#8221;#ffffff&#8221; css=&#8221;.vc_custom_1716868279783{margin-top: 0px !important;margin-bottom: 0px !important;padding-top: 100px !important;padding-bottom: 100px !important;background-image: url(https:\/\/ntllogistics.com.vn\/wp-content\/uploads\/2014\/10\/corporat_collage.jpg?id=1967) !important;}&#8221;][vc_column][vc_column_text el_class=&#8221;custom-text-bn-ab&#8221;] We bring the most optimal logistics solutions to customers and accompany partners [&hellip;]<\/p>\n","protected":false},"author":1,"featured_media":0,"parent":0,"menu_order":0,"comment_status":"open","ping_status":"open","template":"","meta":{"footnotes":""},"class_list":["post-2951","page","type-page","status-publish","hentry"],"acf":[],"_links":{"self":[{"href":"https:\/\/ntllogistics.com.vn\/en\/wp-json\/wp\/v2\/pages\/2951"}],"collection":[{"href":"https:\/\/ntllogistics.com.vn\/en\/wp-json\/wp\/v2\/pages"}],"about":[{"href":"https:\/\/ntllogistics.com.vn\/en\/wp-json\/wp\/v2\/types\/page"}],"author":[{"embeddable":true,"href":"https:\/\/ntllogistics.com.vn\/en\/wp-json\/wp\/v2\/users\/1"}],"replies":[{"embeddable":true,"href":"https:\/\/ntllogistics.com.vn\/en\/wp-json\/wp\/v2\/comments?post=2951"}],"version-history":[{"count":5,"href":"https:\/\/ntllogistics.com.vn\/en\/wp-json\/wp\/v2\/pages\/2951\/revisions"}],"predecessor-version":[{"id":3186,"href":"https:\/\/ntllogistics.com.vn\/en\/wp-json\/wp\/v2\/pages\/2951\/revisions\/3186"}],"wp:attachment":[{"href":"https:\/\/ntllogistics.com.vn\/en\/wp-json\/wp\/v2\/media?parent=2951"}],"curies":[{"name":"wp","href":"https:\/\/api.w.org\/{rel}","templated":true}]}}