{"id":2983,"date":"2024-05-07T02:46:23","date_gmt":"2024-05-07T02:46:23","guid":{"rendered":"https:\/\/ntllogistics.com.vn\/services\/van-chuyen-duong-bien\/"},"modified":"2024-07-16T08:39:18","modified_gmt":"2024-07-16T08:39:18","slug":"sea-transport","status":"publish","type":"page","link":"https:\/\/ntllogistics.com.vn\/en\/services\/sea-transport\/","title":{"rendered":"Sea Transport"},"content":{"rendered":"<div class=\"wpb-content-wrapper\"><p>[vc_row bg_parallax=&#8221;off&#8221; css=&#8221;.vc_custom_1414841734642{margin-top: 0px !important;padding-top: 40px !important;}&#8221;][vc_column][vc_single_image image=&#8221;3090&#8243; img_size=&#8221;full&#8221; alignment=&#8221;center&#8221;][vc_column_text]<\/p>\n<h2><strong>SEA TRANSPORT<\/strong><\/h2>\n<p>Your goods will be shipped worldwide by sea.<br \/>\nWe provide transportation solutions including:<br \/>\n+ Full container cargo (FCL)<br \/>\n+ Less-than-container load (LCL)<br \/>\n+ Dangerous cargo, special cargo[\/vc_column_text]<div class=\"ozy-owlcarousel single  \" data-autoplay=\"true\" data-items=\"1\" data-singleitem=\"true\" data-slidespeed=\"200\" data-paginationSpeed=\"800\" data-autoheight=\"false\">\n<div class=\"item owl-item-5638\" style=\"width:1290px;height:759px\"><img decoding=\"async\" src=\"https:\/\/ntllogistics.com.vn\/wp-content\/uploads\/2024\/05\/db4.jpg\" alt=\"full\"\/><div class=\"caption\"><\/div><\/div><div class=\"item owl-item-4111\" style=\"width:1290px;height:759px\"><img decoding=\"async\" src=\"https:\/\/ntllogistics.com.vn\/wp-content\/uploads\/2024\/05\/db3.jpg\" alt=\"full\"\/><div class=\"caption\"><\/div><\/div><div class=\"item owl-item-1600\" style=\"width:1290px;height:759px\"><img decoding=\"async\" src=\"https:\/\/ntllogistics.com.vn\/wp-content\/uploads\/2024\/05\/db2.jpg\" alt=\"full\"\/><div class=\"caption\"><\/div><\/div><div class=\"item owl-item-9697\" style=\"width:1290px;height:759px\"><img decoding=\"async\" src=\"https:\/\/ntllogistics.com.vn\/wp-content\/uploads\/2024\/05\/db1.jpg\" alt=\"full\"\/><div class=\"caption\"><\/div><\/div>\n<\/div>[\/vc_column][\/vc_row][vc_row disable_element=&#8221;yes&#8221;][vc_column width=&#8221;1\/2&#8243;][vc_column_text]<\/p>\n<h3><strong>V\u1eacN CHUY\u1ec2N \u0110\u01af\u1edcNG BI\u1ec2N QU\u1ed0C T\u1ebe<br \/>\n<\/strong><\/h3>\n<p>H\u00e0ng h\u00f3a c\u1ee7a b\u1ea1n s\u1ebd \u0111\u01b0\u1ee3c v\u1eadn chuy\u1ec3n \u0111i kh\u1eafp th\u1ebf gi\u1edbi b\u1eb1ng \u0111\u01b0\u1eddng bi\u1ec3n.<br \/>\nCh\u00fang t\u00f4i cung c\u1ea5p gi\u1ea3i ph\u00e1p v\u1eadn t\u1ea3i g\u1ed3m:<br \/>\n+ H\u00e0ng nguy\u00ean container (FCL)<br \/>\n+ H\u00e0ng l\u1ebb (LCL)<br \/>\n+ H\u00e0ng nguy hi\u1ec3m, h\u00e0ng h\u00f3a \u0111\u1eb7c bi\u1ec7t<\/p>\n<p>[\/vc_column_text][\/vc_column][vc_column width=&#8221;1\/2&#8243;][vc_single_image image=&#8221;2494&#8243; img_size=&#8221;full&#8221;][\/vc_column][\/vc_row][vc_row css=&#8221;.vc_custom_1461016463981{margin-bottom: 0px !important;padding-bottom: 40px !important;}&#8221;][vc_column width=&#8221;1\/3&#8243;]<div id=\"tile-with-icon_icon4038\" class=\"title-with-icon-wrapper clear xxlarge \" data-color=\"\"><div class=\"wpb_content_element title-with-icon clearfix top-style\"><span  style=\"color:#34ccff !important;background-color: !important;\" class=\"oic-flaticon4-earth198 clear xxlarge \" ><\/span><h4 class=\"content-color\" style=\"\">Any Destination<\/h4><\/div><\/div>[\/vc_column][vc_column width=&#8221;1\/3&#8243;]<div id=\"tile-with-icon_icon7188\" class=\"title-with-icon-wrapper clear xxlarge \" data-color=\"\"><div class=\"wpb_content_element title-with-icon clearfix top-style\"><span  style=\"color:#34ccff !important;background-color: !important;\" class=\"oic-flaticon4-global17 clear xxlarge \" ><\/span><h4 class=\"content-color\" style=\"\">Import &amp; Export<\/h4><\/div><\/div>[\/vc_column][vc_column width=&#8221;1\/3&#8243;]<div id=\"tile-with-icon_icon2743\" class=\"title-with-icon-wrapper clear xxlarge \" data-color=\"\"><div class=\"wpb_content_element title-with-icon clearfix top-style\"><span  style=\"color:#34ccff !important;background-color: !important;\" class=\"oic-flaticon1-delivery35 clear xxlarge \" ><\/span><h4 class=\"content-color\" style=\"\">Door to Door<\/h4><\/div><\/div>[\/vc_column][\/vc_row][vc_row][vc_column][vc_column_text]<\/p>\n<div id=\"eJOY__extension_root\" class=\"eJOY__extension_root_class\" style=\"all: unset;\"><\/div>\n<p>[\/vc_column_text][\/vc_column][\/vc_row]<\/p>\n<\/div>","protected":false},"excerpt":{"rendered":"<p>[vc_row bg_parallax=&#8221;off&#8221; css=&#8221;.vc_custom_1414841734642{margin-top: 0px !important;padding-top: 40px !important;}&#8221;][vc_column][vc_single_image image=&#8221;3090&#8243; img_size=&#8221;full&#8221; alignment=&#8221;center&#8221;][vc_column_text] SEA TRANSPORT Your goods will be shipped worldwide by sea. We provide transportation solutions including: + Full container cargo (FCL) [&hellip;]<\/p>\n","protected":false},"author":1,"featured_media":0,"parent":2947,"menu_order":0,"comment_status":"open","ping_status":"closed","template":"","meta":{"footnotes":""},"class_list":["post-2983","page","type-page","status-publish","hentry"],"acf":[],"_links":{"self":[{"href":"https:\/\/ntllogistics.com.vn\/en\/wp-json\/wp\/v2\/pages\/2983"}],"collection":[{"href":"https:\/\/ntllogistics.com.vn\/en\/wp-json\/wp\/v2\/pages"}],"about":[{"href":"https:\/\/ntllogistics.com.vn\/en\/wp-json\/wp\/v2\/types\/page"}],"author":[{"embeddable":true,"href":"https:\/\/ntllogistics.com.vn\/en\/wp-json\/wp\/v2\/users\/1"}],"replies":[{"embeddable":true,"href":"https:\/\/ntllogistics.com.vn\/en\/wp-json\/wp\/v2\/comments?post=2983"}],"version-history":[{"count":7,"href":"https:\/\/ntllogistics.com.vn\/en\/wp-json\/wp\/v2\/pages\/2983\/revisions"}],"predecessor-version":[{"id":3238,"href":"https:\/\/ntllogistics.com.vn\/en\/wp-json\/wp\/v2\/pages\/2983\/revisions\/3238"}],"up":[{"embeddable":true,"href":"https:\/\/ntllogistics.com.vn\/en\/wp-json\/wp\/v2\/pages\/2947"}],"wp:attachment":[{"href":"https:\/\/ntllogistics.com.vn\/en\/wp-json\/wp\/v2\/media?parent=2983"}],"curies":[{"name":"wp","href":"https:\/\/api.w.org\/{rel}","templated":true}]}}